{"id":7728,"date":"2025-03-09T11:53:33","date_gmt":"2025-03-09T10:53:33","guid":{"rendered":"https:\/\/salemharoun.com\/colpa\/?post_type=product&#038;p=7728"},"modified":"2025-05-19T09:31:17","modified_gmt":"2025-05-19T07:31:17","slug":"platre-de-moulage-manhargyps","status":"publish","type":"product","link":"https:\/\/colpa.dz\/en\/product\/platre-de-moulage-manhargyps\/","title":{"rendered":"Manhargyps casting plaster"},"content":{"rendered":"<h4>Usage time<\/h4>\n<ul>\n<li>Sprinkling: 1 min<\/li>\n<li>Resting time: 1 min<\/li>\n<li>Mixing: 1-2 min<\/li>\n<li>Pouring: 3-4 min<\/li>\n<li>Unmolding: 15 min<\/li>\n<\/ul>\n<h4>Implementation instructions<\/h4>\n<ul>\n<li>Le g\u00e2chage peut \u00eatre manuel ou m\u00e9canique doux, avec du mat\u00e9riel propre. Le temps d&#8217;agitation, la puret\u00e9 de l&#8217;eau et le taux de g\u00e2chage influent sur le temps de la coulabilit\u00e9, les r\u00e9sistances m\u00e9caniques et la porosit\u00e9 du pl\u00e2tre hydrat\u00e9.<\/li>\n<\/ul>","protected":false},"excerpt":{"rendered":"<p>Manhargyps Moulage plaster, manufactured according to European standards, is a quick-setting plaster specially designed for the production of staff elements (staff slabs, cornices, rosettes, quick-setting moulding, etc.)<\/p>\n<h4>Easy preparation<\/h4>\n<ul>\n<li>Launching is quick and easy, mixing is easy and waiting time is limited.<\/li>\n<\/ul>\n<h4>Special qualities<\/h4>\n<ul>\n<li>Quick setting plaster<\/li>\n<li>White<\/li>\n<li>Strong<\/li>\n<\/ul>\n<p><a class=\"btn pxl-btn icon-ps-right pxl-animate animated fadeInUp\" href=\"https:\/\/colpa.dz\/wp-content\/uploads\/2025\/05\/platre-de-moulage.pdf\" target=\"_blank\" rel=\"noopener\"><span class=\"pxl-button-text\">Download technical sheet<\/span><\/a><\/p>","protected":false},"featured_media":7729,"template":"","meta":[],"product_cat":[64],"product_tag":[],"class_list":{"0":"post-7728","1":"product","2":"type-product","3":"status-publish","4":"has-post-thumbnail","6":"product_cat-platre","8":"first","9":"instock","10":"shipping-taxable","11":"product-type-grouped"},"_links":{"self":[{"href":"https:\/\/colpa.dz\/en\/wp-json\/wp\/v2\/product\/7728","targetHints":{"allow":["GET"]}}],"collection":[{"href":"https:\/\/colpa.dz\/en\/wp-json\/wp\/v2\/product"}],"about":[{"href":"https:\/\/colpa.dz\/en\/wp-json\/wp\/v2\/types\/product"}],"wp:featuredmedia":[{"embeddable":true,"href":"https:\/\/colpa.dz\/en\/wp-json\/wp\/v2\/media\/7729"}],"wp:attachment":[{"href":"https:\/\/colpa.dz\/en\/wp-json\/wp\/v2\/media?parent=7728"}],"wp:term":[{"taxonomy":"product_cat","embeddable":true,"href":"https:\/\/colpa.dz\/en\/wp-json\/wp\/v2\/product_cat?post=7728"},{"taxonomy":"product_tag","embeddable":true,"href":"https:\/\/colpa.dz\/en\/wp-json\/wp\/v2\/product_tag?post=7728"}],"curies":[{"name":"wp","href":"https:\/\/api.w.org\/{rel}","templated":true}]}}