{"id":715,"date":"2022-03-13T09:08:22","date_gmt":"2022-03-13T09:08:22","guid":{"rendered":"https:\/\/demo.casethemes.net\/ecohub\/?page_id=715"},"modified":"2022-03-13T09:08:22","modified_gmt":"2022-03-13T09:08:22","slug":"blog-masonary","status":"publish","type":"page","link":"https:\/\/colpa.dz\/en\/blog-masonary\/","title":{"rendered":"Blog Masonary"},"content":{"rendered":"<div data-elementor-type=\"wp-page\" data-elementor-id=\"715\" class=\"elementor elementor-715\">\n\t\t\t\t        <section class=\"elementor-section elementor-top-section elementor-element elementor-element-63e92ed elementor-section-boxed elementor-section-height-default elementor-section-height-default pxl-section-overflow-hidden-no\" data-id=\"63e92ed\" data-element_type=\"section\">\n\n                \n                <div class=\"elementor-container elementor-column-gap-default\">\n                <div class=\"elementor-column elementor-col-100 elementor-top-column elementor-element elementor-element-446c787 pxl-column-element-default\" data-id=\"446c787\" data-element_type=\"column\">\r\n        <div class=\"elementor-widget-wrap elementor-element-populated\">\r\n                     \r\n        \t\t<div class=\"elementor-element elementor-element-d2a5b7e pxl-post-layout-post-3 elementor-widget elementor-widget-pxl_post_grid\" data-id=\"d2a5b7e\" data-element_type=\"widget\" data-widget_type=\"pxl_post_grid.default\">\n\t\t\t\t<div class=\"elementor-widget-container\">\n\t\t\t\r\n<div id=\"pxl_post_grid-d2a5b7e-8200\" class=\"pxl-grid pxl-post-grid layout-post-3\" data-layout-mode=\"masonry\" data-start-page=\"1\" data-max-pages=\"1\" data-total=\"2\" data-perpage=\"4\" data-next-link=\"\">\r\n    <div class=\"pxl-grid-overlay\"><\/div>\r\n    \r\n    <div class=\"pxl-grid-inner pxl-grid-masonry row relative overflow-hidden animation-time\">\r\n                <div class=\"grid-item col-xxl-6 col-xl-6 col-lg-6 col-md-6 col-sm-6 col-xs-12 pxl-animate pxl-invisible animated-slow\" data-settings=\"{&quot;animation&quot;:&quot;fadeInLeft&quot;,&quot;animation_delay&quot;:150}\">\r\n            <div class=\"grid-item-inner relative\">\r\n                                    <div class=\"item-featured\">\r\n                        <a href=\"https:\/\/colpa.dz\/en\/retour-sur-la-journee-detude-colpa-une-rencontre-dechanges-et-de-decouvertes\/\"><img fetchpriority=\"high\" decoding=\"async\" class=\"no-lazyload\" src=\"https:\/\/colpa.dz\/wp-content\/uploads\/2025\/06\/JOURNEE-ECHANGE-COLPA-USTHB-570x510.jpg\" width=\"570\" height=\"510\" alt=\"JOURNEE-ECHANGE-COLPA-USTHB\" title=\"JOURNEE-ECHANGE-COLPA-USTHB\" \/><\/a>\r\n                    <\/div>\r\n                                <div class=\"item-content absolute row g-0\">\r\n                    <div class=\"content-inner col align-self-end\">\r\n                                                    <div class=\"item-date meta-item\">\r\n                                <span class=\"pxl-icon pxli-calendar-alt-regular\"><\/span>June 22, 2025                            <\/div>\r\n                                                <h3 class=\"item-title\"><a href=\"https:\/\/colpa.dz\/en\/retour-sur-la-journee-detude-colpa-une-rencontre-dechanges-et-de-decouvertes\/\">Retour sur la Journ\u00e9e d\u2019\u00c9tude COLPA : Une rencontre d\u2019\u00e9changes et de d\u00e9couvertes<\/a><\/h3>\r\n                                                    <div class=\"item-author meta-item\">\r\n                                <span class=\"avatar\"><img alt='S@leM@dmiN' src='https:\/\/secure.gravatar.com\/avatar\/41ab990258e4375c6d81e9726ab3b15eca2f3c04818cfdcb59c41bc7dc97dd41?s=40&#038;d=mm&#038;r=g' srcset='https:\/\/secure.gravatar.com\/avatar\/41ab990258e4375c6d81e9726ab3b15eca2f3c04818cfdcb59c41bc7dc97dd41?s=80&#038;d=mm&#038;r=g 2x' class='avatar avatar-40 photo circle' height='40' width='40' \/><\/span><a href=\"https:\/\/colpa.dz\/en\/author\/slemdmin\/\">S@leM@dmiN<\/a>\r\n                            <\/div>\r\n                          \r\n                                                                    <\/div>\r\n                <\/div>\r\n            <\/div>\r\n        <\/div>\r\n            <div class=\"grid-item col-xxl-6 col-xl-6 col-lg-6 col-md-6 col-sm-6 col-xs-12 pxl-animate pxl-invisible animated-slow\" data-settings=\"{&quot;animation&quot;:&quot;zoomIn&quot;,&quot;animation_delay&quot;:300}\">\r\n            <div class=\"grid-item-inner relative\">\r\n                                    <div class=\"item-featured\">\r\n                        <a href=\"https:\/\/colpa.dz\/en\/colpa-spa-sapprete-a-organiser-une-journee-detude-strategique-a-alger\/\"><img decoding=\"async\" class=\"no-lazyload\" src=\"https:\/\/colpa.dz\/wp-content\/uploads\/2025\/05\/488105-170321-570x240.jpg\" width=\"570\" height=\"240\" alt=\"488105-170321\" title=\"488105-170321\" \/><\/a>\r\n                    <\/div>\r\n                                <div class=\"item-content absolute row g-0\">\r\n                    <div class=\"content-inner col align-self-end\">\r\n                                                    <div class=\"item-date meta-item\">\r\n                                <span class=\"pxl-icon pxli-calendar-alt-regular\"><\/span>May 15, 2025                            <\/div>\r\n                                                <h3 class=\"item-title\"><a href=\"https:\/\/colpa.dz\/en\/colpa-spa-sapprete-a-organiser-une-journee-detude-strategique-a-alger\/\">COLPA SPA s\u2019appr\u00eate \u00e0 organiser une journ\u00e9e d\u2019\u00e9tude strat\u00e9gique \u00e0 Alger<\/a><\/h3>\r\n                                                    <div class=\"item-author meta-item\">\r\n                                <span class=\"avatar\"><img alt='S@leM@dmiN' src='https:\/\/secure.gravatar.com\/avatar\/41ab990258e4375c6d81e9726ab3b15eca2f3c04818cfdcb59c41bc7dc97dd41?s=40&#038;d=mm&#038;r=g' srcset='https:\/\/secure.gravatar.com\/avatar\/41ab990258e4375c6d81e9726ab3b15eca2f3c04818cfdcb59c41bc7dc97dd41?s=80&#038;d=mm&#038;r=g 2x' class='avatar avatar-40 photo circle' height='40' width='40' \/><\/span><a href=\"https:\/\/colpa.dz\/en\/author\/slemdmin\/\">S@leM@dmiN<\/a>\r\n                            <\/div>\r\n                          \r\n                                                                    <\/div>\r\n                <\/div>\r\n            <\/div>\r\n        <\/div>\r\n    <div class=\"grid-sizer grid-item col-xxl-3 col-xl-3 col-lg-6 col-md-6 col-sm-6 col-12\"><\/div>    <\/div>\r\n    \r\n\r\n        <\/div>\t\t<\/div>\n\t\t\t\t<\/div>\n\t\t            <\/div>\r\n        <\/div>\r\n        \t\t\t<\/div>\n\t\t<\/section>\n\t\t\t\t<\/div>","protected":false},"excerpt":{"rendered":"<p>March 13, 2022 Ecology Surveys and Planning Permission: A Guide Russell Yates March 13, 2022 Preliminary Ecological Appraisal Guide Russell Yates March 13, 2022 Ecology Scoping in the Survey Guidelines Russell Yates March 8, 2022 Hosts can&#8217;t contain on of their dismay Russell Yates Load More<\/p>","protected":false},"author":1,"featured_media":0,"parent":0,"menu_order":0,"comment_status":"closed","ping_status":"closed","template":"","meta":{"footnotes":""},"class_list":["post-715","page","type-page","status-publish","hentry"],"_links":{"self":[{"href":"https:\/\/colpa.dz\/en\/wp-json\/wp\/v2\/pages\/715","targetHints":{"allow":["GET"]}}],"collection":[{"href":"https:\/\/colpa.dz\/en\/wp-json\/wp\/v2\/pages"}],"about":[{"href":"https:\/\/colpa.dz\/en\/wp-json\/wp\/v2\/types\/page"}],"author":[{"embeddable":true,"href":"https:\/\/colpa.dz\/en\/wp-json\/wp\/v2\/users\/1"}],"replies":[{"embeddable":true,"href":"https:\/\/colpa.dz\/en\/wp-json\/wp\/v2\/comments?post=715"}],"version-history":[{"count":0,"href":"https:\/\/colpa.dz\/en\/wp-json\/wp\/v2\/pages\/715\/revisions"}],"wp:attachment":[{"href":"https:\/\/colpa.dz\/en\/wp-json\/wp\/v2\/media?parent=715"}],"curies":[{"name":"wp","href":"https:\/\/api.w.org\/{rel}","templated":true}]}}