{"id":60,"date":"2022-02-28T14:01:59","date_gmt":"2022-02-28T14:01:59","guid":{"rendered":"https:\/\/demo.casethemes.net\/ecohub\/?page_id=60"},"modified":"2025-03-05T11:55:15","modified_gmt":"2025-03-05T10:55:15","slug":"contact","status":"publish","type":"page","link":"https:\/\/colpa.dz\/en\/contact\/","title":{"rendered":"Contact"},"content":{"rendered":"<div data-elementor-type=\"wp-page\" data-elementor-id=\"60\" class=\"elementor elementor-60\">\n\t\t\t\t        <section class=\"elementor-section elementor-top-section elementor-element elementor-element-77b5fe9 elementor-section-boxed elementor-section-height-default elementor-section-height-default pxl-section-overflow-hidden-no\" data-id=\"77b5fe9\" data-element_type=\"section\">\n\n                \n                <div class=\"elementor-container elementor-column-gap-default\">\n                <div class=\"elementor-column elementor-col-100 elementor-top-column elementor-element elementor-element-f3994ec pxl-column-element-default\" data-id=\"f3994ec\" data-element_type=\"column\">\r\n        <div class=\"elementor-widget-wrap elementor-element-populated\">\r\n                     \r\n        \t\t<div class=\"elementor-element elementor-element-8913ed1 pxl-heading-layout-2 elementor-widget elementor-widget-pxl_heading\" data-id=\"8913ed1\" data-element_type=\"widget\" data-widget_type=\"pxl_heading.default\">\n\t\t\t\t<div class=\"elementor-widget-container\">\n\t\t\t<div class=\"pxl-heading-wrap d-flex layout2\">\n    <div class=\"pxl-heading-inner center\">\n                    <div class=\"sub-stroke-title relative\">\n                                    <span class=\"heading-stroke pxl-animate pxl-invisible animated-normal\" data-settings=\"{&quot;animation&quot;:&quot;fadeInUp&quot;,&quot;animation_delay&quot;:&quot;&quot;}\">\n                        Contact                    <\/span>\n                                                    <div class=\"heading-subtitle relative\">\n                        CONTACT US                    <\/div>\n                                \n            <\/div>\n                <h2 class=\"heading-title\">\n            <span><\/span>        <\/h2>\n    <\/div>\n<\/div>\n\n\t\t<\/div>\n\t\t\t\t<\/div>\n\t\t\t\t<div class=\"elementor-element elementor-element-8d87e4f elementor-widget elementor-widget-pxl_text_editor\" data-id=\"8d87e4f\" data-element_type=\"widget\" data-widget_type=\"pxl_text_editor.default\">\n\t\t\t\t<div class=\"elementor-widget-container\">\n\t\t\t<div id=\"pxl_text_editor-8d87e4f-6478\" class=\"pxl-text-editor-wrap d-flex\" >\n\t<div class=\"pxl-text-editor elementor-clearfix\">\n\t\t<h4 style=\"font-size: 22px; text-align: center;\">For any questions or requests for information regarding our plaster and coating products, do not hesitate to contact us.<\/h4>\t\t\n\t<\/div>\n<\/div>\t\t<\/div>\n\t\t\t\t<\/div>\n\t\t            <\/div>\r\n        <\/div>\r\n        \t\t\t<\/div>\n\t\t<\/section>\n\t\t        <section class=\"elementor-section elementor-top-section elementor-element elementor-element-dc9653b elementor-section-boxed elementor-section-height-default elementor-section-height-default pxl-section-overflow-hidden-no\" data-id=\"dc9653b\" data-element_type=\"section\">\n\n                \n                <div class=\"elementor-container elementor-column-gap-default\">\n                <div class=\"elementor-column elementor-col-33 elementor-top-column elementor-element elementor-element-c38a359 pxl-column-element-default\" data-id=\"c38a359\" data-element_type=\"column\">\r\n        <div class=\"elementor-widget-wrap elementor-element-populated\">\r\n                     \r\n        \t\t<div class=\"elementor-element elementor-element-95e6635 pxl-contact-info-layout-1 elementor-invisible pxl-elementor-animate elementor-widget elementor-widget-pxl_contact_info\" data-id=\"95e6635\" data-element_type=\"widget\" data-settings=\"{&quot;_animation&quot;:&quot;fadeInUp&quot;}\" data-widget_type=\"pxl_contact_info.default\">\n\t\t\t\t<div class=\"elementor-widget-container\">\n\t\t\t<div class=\"pxl-ci-wrap d-flex layout-1\">\r\n\t<div class=\"ci-content-wrap col\">\r\n\t\t<div class=\"d-flex content-inner\">\r\n\t\t\t<div class=\"ci-icons col-auto\">\r\n\t\t\t\t<span aria-hidden=\"true\" class=\"pxl-icon fas fa-industry\"><\/span>\t\t\t<\/div>\r\n\t\t\t<div class=\"ci-content col\">\r\n\t\t\t\t\t\t\t\t\t<h4 class=\"ci-title\">SALES MANAGEMENT<\/h4> \r\n\t\t\t\t\t\t\t\t\t\t\t\t\t<div class=\"ci-desc\">RN5, Zone industrielle, Rouiba, Haouch Sbaat Alger.<\/div> \r\n\t\t\t\t\t\t\t<\/div>\r\n\t\t<\/div>\r\n\t<\/div>\r\n<\/div>\t\t<\/div>\n\t\t\t\t<\/div>\n\t\t\t\t<div class=\"elementor-element elementor-element-1106905 pxl-contact-info-layout-1 elementor-invisible pxl-elementor-animate elementor-widget elementor-widget-pxl_contact_info\" data-id=\"1106905\" data-element_type=\"widget\" data-settings=\"{&quot;_animation&quot;:&quot;fadeInUp&quot;}\" data-widget_type=\"pxl_contact_info.default\">\n\t\t\t\t<div class=\"elementor-widget-container\">\n\t\t\t<div class=\"pxl-ci-wrap d-flex layout-1\">\r\n\t<div class=\"ci-content-wrap col\">\r\n\t\t<div class=\"d-flex content-inner\">\r\n\t\t\t<div class=\"ci-icons col-auto\">\r\n\t\t\t\t<span aria-hidden=\"true\" class=\"pxl-icon flaticon flaticon-phone-call\"><\/span>\t\t\t<\/div>\r\n\t\t\t<div class=\"ci-content col\">\r\n\t\t\t\t\t\t\t\t\t<h4 class=\"ci-title\">PHONES<\/h4> \r\n\t\t\t\t\t\t\t\t\t\t\t\t\t<div class=\"ci-desc\"><a href=\"tel: 213770115731\">+213 770 11 57 31<\/a><br \/>\n<a href=\"tel: 213770939093\">+213 770 93 90 93<\/a><\/div> \r\n\t\t\t\t\t\t\t<\/div>\r\n\t\t<\/div>\r\n\t<\/div>\r\n<\/div>\t\t<\/div>\n\t\t\t\t<\/div>\n\t\t\t\t<div class=\"elementor-element elementor-element-f2b8ce5 pxl-contact-info-layout-1 elementor-invisible pxl-elementor-animate elementor-widget elementor-widget-pxl_contact_info\" data-id=\"f2b8ce5\" data-element_type=\"widget\" data-settings=\"{&quot;_animation&quot;:&quot;fadeInUp&quot;}\" data-widget_type=\"pxl_contact_info.default\">\n\t\t\t\t<div class=\"elementor-widget-container\">\n\t\t\t<div class=\"pxl-ci-wrap d-flex layout-1\">\r\n\t<div class=\"ci-content-wrap col\">\r\n\t\t<div class=\"d-flex content-inner\">\r\n\t\t\t<div class=\"ci-icons col-auto\">\r\n\t\t\t\t<span aria-hidden=\"true\" class=\"pxl-icon fas fa-headphones-alt\"><\/span>\t\t\t<\/div>\r\n\t\t\t<div class=\"ci-content col\">\r\n\t\t\t\t\t\t\t\t\t<h4 class=\"ci-title\">SERVICE COMMERCIAL<\/h4> \r\n\t\t\t\t\t\t\t\t\t\t\t\t\t<div class=\"ci-desc\"><a href=\"tel: 213782 215865\">+213 782 21 58 65<\/a><\/div> \r\n\t\t\t\t\t\t\t<\/div>\r\n\t\t<\/div>\r\n\t<\/div>\r\n<\/div>\t\t<\/div>\n\t\t\t\t<\/div>\n\t\t\t\t<div class=\"elementor-element elementor-element-d1aa46f pxl-contact-info-layout-1 elementor-invisible pxl-elementor-animate elementor-widget elementor-widget-pxl_contact_info\" data-id=\"d1aa46f\" data-element_type=\"widget\" data-settings=\"{&quot;_animation&quot;:&quot;fadeInUp&quot;}\" data-widget_type=\"pxl_contact_info.default\">\n\t\t\t\t<div class=\"elementor-widget-container\">\n\t\t\t<div class=\"pxl-ci-wrap d-flex layout-1\">\r\n\t<div class=\"ci-content-wrap col\">\r\n\t\t<div class=\"d-flex content-inner\">\r\n\t\t\t<div class=\"ci-icons col-auto\">\r\n\t\t\t\t<span aria-hidden=\"true\" class=\"pxl-icon fas fa-map-marker-alt\"><\/span>\t\t\t<\/div>\r\n\t\t\t<div class=\"ci-content col\">\r\n\t\t\t\t\t\t\t\t\t<h4 class=\"ci-title\">FACTORY<\/h4> \r\n\t\t\t\t\t\t\t\t\t\t\t\t\t<div class=\"ci-desc\">Site Usine de pl\u00e2tres EL-ADJIBA Bouira<\/div> \r\n\t\t\t\t\t\t\t<\/div>\r\n\t\t<\/div>\r\n\t<\/div>\r\n<\/div>\t\t<\/div>\n\t\t\t\t<\/div>\n\t\t\t\t<div class=\"elementor-element elementor-element-bc1e703 pxl-contact-info-layout-1 elementor-invisible pxl-elementor-animate elementor-widget elementor-widget-pxl_contact_info\" data-id=\"bc1e703\" data-element_type=\"widget\" data-settings=\"{&quot;_animation&quot;:&quot;fadeInUp&quot;}\" data-widget_type=\"pxl_contact_info.default\">\n\t\t\t\t<div class=\"elementor-widget-container\">\n\t\t\t<div class=\"pxl-ci-wrap d-flex layout-1\">\r\n\t<div class=\"ci-content-wrap col\">\r\n\t\t<div class=\"d-flex content-inner\">\r\n\t\t\t<div class=\"ci-icons col-auto\">\r\n\t\t\t\t<span aria-hidden=\"true\" class=\"pxl-icon pxli pxli-email1\"><\/span>\t\t\t<\/div>\r\n\t\t\t<div class=\"ci-content col\">\r\n\t\t\t\t\t\t\t\t\t<h4 class=\"ci-title\">E-MAILS<\/h4> \r\n\t\t\t\t\t\t\t\t\t\t\t\t\t<div class=\"ci-desc\"><a href=\"mailto:contact@colpa.dz\">contact@colpa.dz<\/a> <br \/>\n<a href=\"mailto:info@colpa.dz\">info@colpa.dz<\/a> <\/div> \r\n\t\t\t\t\t\t\t<\/div>\r\n\t\t<\/div>\r\n\t<\/div>\r\n<\/div>\t\t<\/div>\n\t\t\t\t<\/div>\n\t\t            <\/div>\r\n        <\/div>\r\n                <div class=\"elementor-column elementor-col-66 elementor-top-column elementor-element elementor-element-fb1257c pxl-column-element-default\" data-id=\"fb1257c\" data-element_type=\"column\">\r\n        <div class=\"elementor-widget-wrap elementor-element-populated\">\r\n                     \r\n        \t\t<div class=\"elementor-element elementor-element-f44777d pxl-heading-layout-2 elementor-widget elementor-widget-pxl_heading\" data-id=\"f44777d\" data-element_type=\"widget\" data-widget_type=\"pxl_heading.default\">\n\t\t\t\t<div class=\"elementor-widget-container\">\n\t\t\t<div class=\"pxl-heading-wrap d-flex layout2\">\n    <div class=\"pxl-heading-inner\">\n                <h2 class=\"heading-title\">\n            <span>Please fill out the form <\/span>        <\/h2>\n    <\/div>\n<\/div>\n\n\t\t<\/div>\n\t\t\t\t<\/div>\n\t\t\t\t<div class=\"elementor-element elementor-element-b988701 animated-slow elementor-invisible pxl-elementor-animate elementor-widget elementor-widget-pxl_contact_form\" data-id=\"b988701\" data-element_type=\"widget\" data-settings=\"{&quot;_animation&quot;:&quot;fadeInUp&quot;,&quot;_animation_delay&quot;:600}\" data-widget_type=\"pxl_contact_form.default\">\n\t\t\t\t<div class=\"elementor-widget-container\">\n\t\t\t<div class=\"pxl-cf7-wrap relative style1\">\r\n    \n<div class=\"wpcf7 no-js\" id=\"wpcf7-f941-o1\" lang=\"en-US\" dir=\"ltr\" data-wpcf7-id=\"941\">\n<div class=\"screen-reader-response\"><p role=\"status\" aria-live=\"polite\" aria-atomic=\"true\"><\/p> <ul><\/ul><\/div>\n<form action=\"\/wp-json\/wp\/v2\/pages\/60\" method=\"post\" class=\"wpcf7-form init\" aria-label=\"Contact form\" novalidate=\"novalidate\" data-status=\"init\" data-trp-original-action=\"\/en\/wp-json\/wp\/v2\/pages\/60#wpcf7-f941-o1\">\n<div style=\"display: none;\">\n<input type=\"hidden\" name=\"_wpcf7\" value=\"941\" \/>\n<input type=\"hidden\" name=\"_wpcf7_version\" value=\"6.0.5\" \/>\n<input type=\"hidden\" name=\"_wpcf7_locale\" value=\"en_US\" \/>\n<input type=\"hidden\" name=\"_wpcf7_unit_tag\" value=\"wpcf7-f941-o1\" \/>\n<input type=\"hidden\" name=\"_wpcf7_container_post\" value=\"0\" \/>\n<input type=\"hidden\" name=\"_wpcf7_posted_data_hash\" value=\"\" \/>\n<input type=\"hidden\" name=\"_wpcf7_recaptcha_response\" value=\"\" \/>\n<\/div>\n<div class=\"contact-main\">\n\t<div class=\"row\">\n\t\t<div class=\"col-12 col-sm-6\">\n\t\t\t<p><label>Nom (obligatoire)<\/label><span class=\"wpcf7-form-control-wrap\" data-name=\"your-name\"><input size=\"40\" maxlength=\"400\" class=\"wpcf7-form-control wpcf7-text wpcf7-validates-as-required\" aria-required=\"true\" aria-invalid=\"false\" placeholder=\"Votre nom*\" value=\"\" type=\"text\" name=\"your-name\" \/><\/span>\n\t\t\t<\/p>\n\t\t<\/div>\n\t\t<div class=\"col-12 col-sm-6\">\n\t\t\t<p><label>Pr\u00e9nom (obligatoire)<\/label><span class=\"wpcf7-form-control-wrap\" data-name=\"text-920\"><input size=\"40\" maxlength=\"400\" class=\"wpcf7-form-control wpcf7-text wpcf7-validates-as-required\" aria-required=\"true\" aria-invalid=\"false\" placeholder=\"Votre pr\u00e9nom*\" value=\"\" type=\"text\" name=\"text-920\" \/><\/span>\n\t\t\t<\/p>\n\t\t<\/div>\n\t<\/div>\n\t<div class=\"row\">\n\t\t<div class=\"col-12 col-sm-6\">\n\t\t\t<p><label>Email (obligatoire)<\/label><span class=\"wpcf7-form-control-wrap\" data-name=\"your-email\"><input size=\"40\" maxlength=\"400\" class=\"wpcf7-form-control wpcf7-email wpcf7-validates-as-required wpcf7-text wpcf7-validates-as-email\" aria-required=\"true\" aria-invalid=\"false\" placeholder=\"Email*\" value=\"\" type=\"email\" name=\"your-email\" \/><\/span>\n\t\t\t<\/p>\n\t\t<\/div>\n\t\t<div class=\"col-12 col-sm-6\">\n\t\t\t<p><label>T\u00e9l\u00e9phone (obligatoire)<\/label><span class=\"wpcf7-form-control-wrap\" data-name=\"phone\"><input size=\"40\" maxlength=\"400\" class=\"wpcf7-form-control wpcf7-tel wpcf7-validates-as-required wpcf7-text wpcf7-validates-as-tel\" aria-required=\"true\" aria-invalid=\"false\" placeholder=\"Votre num\u00e9ro de t\u00e9l\u00e9phone*\" value=\"\" type=\"tel\" name=\"phone\" \/><\/span>\n\t\t\t<\/p>\n\t\t<\/div>\n\t<\/div>\n\t<div class=\"row\">\n\t\t<div class=\"col-12 col-sm-6\">\n\t\t\t<p><label>Sujet (obligatoire)<\/label><span class=\"wpcf7-form-control-wrap\" data-name=\"subject\"><select class=\"wpcf7-form-control wpcf7-select wpcf7-validates-as-required\" aria-required=\"true\" aria-invalid=\"false\" name=\"subject\"><option value=\"\">Sujet*<\/option><option value=\"Information\">Information<\/option><option value=\"Offre de service\">Offre de service<\/option><option value=\"R\u00e9clamation\">R\u00e9clamation<\/option><option value=\"Remerciement\">Remerciement<\/option><option value=\"Technique\">Technique<\/option><\/select><\/span>\n\t\t\t<\/p>\n\t\t<\/div>\n\t\t<div class=\"col-12 col-sm-6\">\n\t\t\t<p><label>Votre message (obligatoire)<\/label><span class=\"wpcf7-form-control-wrap\" data-name=\"message\"><textarea cols=\"40\" rows=\"9\" maxlength=\"2000\" class=\"wpcf7-form-control wpcf7-textarea\" aria-invalid=\"false\" placeholder=\"Your message here*\" name=\"message\"><\/textarea><\/span>\n\t\t\t<\/p>\n\t\t<\/div>\n\t<\/div>\n\t<p><span class=\"wpcf7-form-control-wrap\" data-name=\"acceptance-91\"><span class=\"wpcf7-form-control wpcf7-acceptance\"><span class=\"wpcf7-list-item\"><label><input type=\"checkbox\" name=\"acceptance-91\" value=\"1\" aria-invalid=\"false\" \/><span class=\"wpcf7-list-item-label\">J'accepte que mes donn\u00e9es personnelles seront collect\u00e9es et trait\u00e9es afin de r\u00e9pondre \u00e0 ma demande en vertu de la loi 18-07 relative \u00e0 la protection des personnes physiques dans le traitement des donn\u00e9es \u00e0 caract\u00e8re personnel.<\/span><\/label><\/span><\/span><\/span><br \/>\n\t<br \/>\n<button class=\"btn pxl-btn\" type=\"submit\"><span class=\"btn-text\">SEND MESSAGE<\/span><span class=\"pxli-spinner\"><\/span><\/button>\n\t<\/p>\n<\/div><p style=\"display: none !important;\" class=\"akismet-fields-container\" data-prefix=\"_wpcf7_ak_\"><label>&#916;<textarea name=\"_wpcf7_ak_hp_textarea\" cols=\"45\" rows=\"8\" maxlength=\"100\"><\/textarea><\/label><input type=\"hidden\" id=\"ak_js_1\" name=\"_wpcf7_ak_js\" value=\"43\"\/><script>document.getElementById( \"ak_js_1\" ).setAttribute( \"value\", ( new Date() ).getTime() );<\/script><\/p><div class=\"wpcf7-response-output\" aria-hidden=\"true\"><\/div>\n<input type=\"hidden\" name=\"trp-form-language\" value=\"en\"\/><\/form>\n<\/div>\n \r\n<\/div>\t\t<\/div>\n\t\t\t\t<\/div>\n\t\t            <\/div>\r\n        <\/div>\r\n        \t\t\t<\/div>\n\t\t<\/section>\n\t\t        <section class=\"elementor-section elementor-top-section elementor-element elementor-element-2ce4416 elementor-section-full_width elementor-section-height-default elementor-section-height-default pxl-full-content-with-space-none pxl-section-overflow-hidden-no\" data-id=\"2ce4416\" data-element_type=\"section\">\n\n                \n                <div class=\"elementor-container elementor-column-gap-no\">\n                <div class=\"elementor-column elementor-col-100 elementor-top-column elementor-element elementor-element-b860a63 pxl-column-element-default\" data-id=\"b860a63\" data-element_type=\"column\">\r\n        <div class=\"elementor-widget-wrap elementor-element-populated\">\r\n                     \r\n        \t\t<div class=\"elementor-element elementor-element-e4eb74e elementor-widget elementor-widget-google_maps\" data-id=\"e4eb74e\" data-element_type=\"widget\" data-widget_type=\"google_maps.default\">\n\t\t\t\t<div class=\"elementor-widget-container\">\n\t\t\t\t\t<div class=\"elementor-custom-embed\">\n\t\t\t<iframe loading=\"lazy\"\n\t\t\t\t\tsrc=\"https:\/\/maps.google.com\/maps?q=COLPA%20Rouiba&#038;t=m&#038;z=15&#038;output=embed&#038;iwloc=near\"\n\t\t\t\t\ttitle=\"COLPA Rouiba\"\n\t\t\t\t\taria-label=\"COLPA Rouiba\"\n\t\t\t><\/iframe>\n\t\t<\/div>\n\t\t\t\t<\/div>\n\t\t\t\t<\/div>\n\t\t            <\/div>\r\n        <\/div>\r\n        \t\t\t<\/div>\n\t\t<\/section>\n\t\t\t\t<\/div>","protected":false},"excerpt":{"rendered":"<p>Contact CONTACTEZ-NOUS Pour toute question ou demande de renseignement concernant nos produits de pl\u00e2tre et d\u2019enduit, n\u2019h\u00e9sitez pas \u00e0 nous contacter. DIRECTION COMMERCIALE RN5, Zone industrielle, Rouiba, Haouch Sbaat Alger. T\u00c9L\u00c9PHONES +213 770 11 57 31 +213 770 93 90 93 SERVICE COMMERCIAL +213 782 21 58 65 USINE Site Usine de pl\u00e2tres EL-ADJIBA Bouira [&hellip;]<\/p>","protected":false},"author":1,"featured_media":0,"parent":0,"menu_order":0,"comment_status":"closed","ping_status":"closed","template":"","meta":{"footnotes":""},"class_list":["post-60","page","type-page","status-publish","hentry"],"_links":{"self":[{"href":"https:\/\/colpa.dz\/en\/wp-json\/wp\/v2\/pages\/60","targetHints":{"allow":["GET"]}}],"collection":[{"href":"https:\/\/colpa.dz\/en\/wp-json\/wp\/v2\/pages"}],"about":[{"href":"https:\/\/colpa.dz\/en\/wp-json\/wp\/v2\/types\/page"}],"author":[{"embeddable":true,"href":"https:\/\/colpa.dz\/en\/wp-json\/wp\/v2\/users\/1"}],"replies":[{"embeddable":true,"href":"https:\/\/colpa.dz\/en\/wp-json\/wp\/v2\/comments?post=60"}],"version-history":[{"count":61,"href":"https:\/\/colpa.dz\/en\/wp-json\/wp\/v2\/pages\/60\/revisions"}],"predecessor-version":[{"id":8026,"href":"https:\/\/colpa.dz\/en\/wp-json\/wp\/v2\/pages\/60\/revisions\/8026"}],"wp:attachment":[{"href":"https:\/\/colpa.dz\/en\/wp-json\/wp\/v2\/media?parent=60"}],"curies":[{"name":"wp","href":"https:\/\/api.w.org\/{rel}","templated":true}]}}